{"id":1221,"date":"2025-08-15T18:17:52","date_gmt":"2025-08-15T18:17:52","guid":{"rendered":"https:\/\/mednologyapps.com\/?page_id=1221"},"modified":"2025-11-08T13:12:48","modified_gmt":"2025-11-08T13:12:48","slug":"constructora-lyk","status":"publish","type":"page","link":"https:\/\/mednologyapps.com\/index.php\/constructora-lyk\/","title":{"rendered":"CONSTRUCTORA LYK"},"content":{"rendered":"\t\t<div data-elementor-type=\"wp-page\" data-elementor-id=\"1221\" class=\"elementor elementor-1221\">\n\t\t\t\t<div class=\"elementor-element elementor-element-6ca546e e-con-full elementor-hidden-tablet elementor-hidden-mobile e-flex wpr-particle-no wpr-jarallax-no wpr-parallax-no wpr-sticky-section-no e-con e-parent\" data-id=\"6ca546e\" data-element_type=\"container\" data-e-type=\"container\" data-settings=\"{&quot;background_background&quot;:&quot;classic&quot;}\">\n\t\t<div class=\"elementor-element elementor-element-77f855a e-flex e-con-boxed wpr-particle-no wpr-jarallax-no wpr-parallax-no wpr-sticky-section-no e-con e-child\" data-id=\"77f855a\" data-element_type=\"container\" data-e-type=\"container\">\n\t\t\t\t\t<div class=\"e-con-inner\">\n\t\t\t\t<div class=\"elementor-element elementor-element-b4f7e8a elementor-widget elementor-widget-image\" data-id=\"b4f7e8a\" data-element_type=\"widget\" data-e-type=\"widget\" data-widget_type=\"image.default\">\n\t\t\t\t\t\t\t\t\t\t\t\t\t\t\t<img decoding=\"async\" width=\"294\" height=\"141\" src=\"https:\/\/mednologyapps.com\/wp-content\/uploads\/2025\/08\/LOGOLYK.png\" class=\"attachment-large size-large wp-image-1223\" alt=\"\" \/>\t\t\t\t\t\t\t\t\t\t\t\t\t\t\t<\/div>\n\t\t\t\t<div class=\"elementor-element elementor-element-d88dc35 elementor-invisible elementor-widget elementor-widget-heading\" data-id=\"d88dc35\" data-element_type=\"widget\" data-e-type=\"widget\" data-settings=\"{&quot;_animation&quot;:&quot;fadeInLeft&quot;,&quot;_animation_delay&quot;:50}\" data-widget_type=\"heading.default\">\n\t\t\t\t\t<h2 class=\"elementor-heading-title elementor-size-default\">CONSTRUCTORA LYK <\/h2>\t\t\t\t<\/div>\n\t\t\t\t<div class=\"elementor-element elementor-element-7f5967f elementor-invisible elementor-widget elementor-widget-text-editor\" data-id=\"7f5967f\" data-element_type=\"widget\" data-e-type=\"widget\" data-settings=\"{&quot;_animation&quot;:&quot;fadeInLeft&quot;,&quot;_animation_delay&quot;:400}\" data-widget_type=\"text-editor.default\">\n\t\t\t\t\t\t\t\t\t<p>El sistema permitir\u00e1 a L &amp; K acceder de forma \u00e1gil y segura a la informaci\u00f3n de sus<br \/>proyectos, mejorar la trazabilidad de sus operaciones y facilitar la toma de decisiones<br \/>estrat\u00e9gicas mediante una visi\u00f3n integral y en tiempo real de sus recursos, actividades y<br \/>resultados.<\/p>\t\t\t\t\t\t\t\t<\/div>\n\t\t\t\t<div class=\"elementor-element elementor-element-0ff6abe elementor-widget elementor-widget-html\" data-id=\"0ff6abe\" data-element_type=\"widget\" data-e-type=\"widget\" data-widget_type=\"html.default\">\n\t\t\t\t\t<style>\r\n\/* Bot\u00f3n desplegable *\/\r\n.descarga-btn {\r\n  background: linear-gradient(135deg, #00E1FF, #00b8cc);\r\n  color: white;\r\n  padding: 12px 20px;\r\n  border: none;\r\n  border-radius: 50px;\r\n  font-size: 16px;\r\n  cursor: pointer;\r\n  font-weight: bold;\r\n  box-shadow: 0 4px 8px rgba(0,0,0,0.3);\r\n  transition: all 0.3s ease;\r\n}\r\n.descarga-btn:hover {\r\n  background: linear-gradient(135deg, #00b8cc, #009eaa);\r\n}\r\n\r\n\/* Contenedor *\/\r\n.dropdown {\r\n  position: relative;\r\n  display: inline-block;\r\n}\r\n\r\n\/* Lista desplegable con degradado y efecto glass *\/\r\n.dropdown-content {\r\n  display: none;\r\n  position: relative; \r\n  margin-top: 10px;\r\n  background: linear-gradient(145deg, rgba(0,225,255,0.15), rgba(0,0,0,0.4));\r\n  border: 1px solid rgba(255, 255, 255, 0.3);\r\n  box-shadow: 0 8px 32px rgba(0, 0, 0, 0.4);\r\n  backdrop-filter: blur(15px);\r\n  border-radius: 15px;\r\n  overflow: hidden;\r\n  min-width: 250px;\r\n  z-index: 1; \r\n  animation: fadeIn 0.3s ease;\r\n}\r\n\r\n\/* Items de la lista *\/\r\n.dropdown-content a {\r\n  display: block;\r\n  padding: 12px 16px;\r\n  color: white;\r\n  font-weight: 500;\r\n  text-decoration: none;\r\n  border-bottom: 1px solid rgba(255,255,255,0.1);\r\n  transition: background 0.3s ease, transform 0.2s ease;\r\n  cursor: pointer;\r\n}\r\n\r\n.dropdown-content a:last-child {\r\n  border-bottom: none;\r\n}\r\n\r\n.dropdown-content a:hover {\r\n  background-color: rgba(0, 225, 255, 0.3);\r\n  color: #fff;\r\n  transform: translateX(3px);\r\n}\r\n\r\n\/* Mostrar men\u00fa *\/\r\n.show {\r\n  display: block;\r\n}\r\n\r\n\/* Animaci\u00f3n *\/\r\n@keyframes fadeIn {\r\n  from {opacity: 0; transform: translateY(-5px);}\r\n  to {opacity: 1; transform: translateY(0);}\r\n}\r\n\r\n\/* Popup personalizado *\/\r\n.popup-message {\r\n  position: fixed;\r\n  top: 50%;\r\n  left: 50%;\r\n  transform: translate(-50%, -50%);\r\n  background: rgba(0,225,255,0.2);\r\n  border: 1px solid rgba(255,255,255,0.3);\r\n  backdrop-filter: blur(10px);\r\n  color: white;\r\n  padding: 20px 30px;\r\n  border-radius: 15px;\r\n  box-shadow: 0 4px 20px rgba(0,0,0,0.5);\r\n  font-weight: bold;\r\n  z-index: 9999;\r\n  text-align: center;\r\n  animation: fadeIn 0.3s ease;\r\n}\r\n<\/style>\r\n\r\n<!-- Bot\u00f3n con desplegable -->\r\n<div class=\"dropdown\">\r\n  <button class=\"descarga-btn\" onclick=\"toggleDropdown()\">\ud83d\udcc4 Descargar Documentos<\/button>\r\n  <div id=\"dropdownMenu\" class=\"dropdown-content\">\r\n    <a href=\"#\" onclick=\"descargarDocumento('kickoff')\">Documento de Kick Off<\/a>\r\n    <a href=\"#\" onclick=\"mostrarPopup()\">Acta de inicio<\/a>\r\n    <a href=\"#\" onclick=\"descargarDocumento('plan')\">Plan de trabajo<\/a>\r\n  <\/div>\r\n<\/div>\r\n\r\n<script>\r\nfunction toggleDropdown() {\r\n  document.getElementById(\"dropdownMenu\").classList.toggle(\"show\");\r\n}\r\n\r\n\/\/ Cerrar el desplegable si se hace clic fuera\r\nwindow.onclick = function(event) {\r\n  if (!event.target.matches('.descarga-btn')) {\r\n    const dropdowns = document.getElementsByClassName(\"dropdown-content\");\r\n    for (let i = 0; i < dropdowns.length; i++) {\r\n      dropdowns[i].classList.remove('show');\r\n    }\r\n  }\r\n}\r\n\r\n\/\/ Funci\u00f3n para descargar documentos\r\nfunction descargarDocumento(tipo) {\r\n  let url = '';\r\n  if(tipo === 'kickoff') {\r\n    url = 'https:\/\/mednologyapps.com\/wp-content\/uploads\/2025\/08\/Documento-de-Kick-Off-LYK-Constructora.pdf';\r\n  } else if(tipo === 'plan') {\r\n    url = 'https:\/\/mednologyapps.com\/wp-content\/uploads\/2025\/08\/Plan-de-trabajo-LYK.pdf';\r\n  }\r\n  if(url) {\r\n    const link = document.createElement('a');\r\n    link.href = url;\r\n    link.download = '';\r\n    document.body.appendChild(link);\r\n    link.click();\r\n    document.body.removeChild(link);\r\n  }\r\n}\r\n\r\n\/\/ Funci\u00f3n para mostrar popup\r\nfunction mostrarPopup() {\r\n  const popup = document.createElement('div');\r\n  popup.className = 'popup-message';\r\n  popup.innerText = 'El documento a\u00fan est\u00e1 en proceso';\r\n  document.body.appendChild(popup);\r\n  setTimeout(() => {\r\n    popup.remove();\r\n  }, 2500); \/\/ desaparece despu\u00e9s de 2.5s\r\n}\r\n<\/script>\r\n\t\t\t\t<\/div>\n\t\t\t\t<div class=\"elementor-element elementor-element-c259737 elementor-invisible elementor-widget elementor-widget-heading\" data-id=\"c259737\" data-element_type=\"widget\" data-e-type=\"widget\" data-settings=\"{&quot;_animation&quot;:&quot;fadeInLeft&quot;,&quot;_animation_delay&quot;:50}\" data-widget_type=\"heading.default\">\n\t\t\t\t\t<h2 class=\"elementor-heading-title elementor-size-default\">Plan de actividades<\/h2>\t\t\t\t<\/div>\n\t\t\t\t<div class=\"elementor-element elementor-element-b913193 elementor-widget elementor-widget-html\" data-id=\"b913193\" data-element_type=\"widget\" data-e-type=\"widget\" data-widget_type=\"html.default\">\n\t\t\t\t\t<!DOCTYPE html>\r\n<html lang=\"es\">\r\n<head>\r\n<meta charset=\"UTF-8\" \/>\r\n<meta name=\"viewport\" content=\"width=device-width, initial-scale=1.0\"\/>\r\n<title>Tabla de Proyecto<\/title>\r\n<style>\r\n  .project-table {\r\n    width: 100%;\r\n    border-collapse: collapse;\r\n    font-family: Arial, sans-serif;\r\n    background: white;\r\n  }\r\n  .project-table th {\r\n    background: #00E1FF;\r\n    color: white;\r\n    padding: 10px;\r\n    text-align: left;\r\n  }\r\n  .project-table td {\r\n    border: 1px solid #ddd;\r\n    padding: 8px;\r\n    color: black;\r\n  }\r\n  .accordion-toggle {\r\n    cursor: pointer;\r\n    font-weight: bold;\r\n    background: #f9f9f9;\r\n  }\r\n  .subfila {\r\n    background: #ffffff;\r\n  }\r\n<\/style>\r\n<\/head>\r\n<body>\r\n\r\n<table class=\"project-table\">\r\n  <thead>\r\n    <tr>\r\n      <th>Item<\/th>\r\n      <th>Nombre de la tarea<\/th>\r\n      <th>Duraci\u00f3n<\/th>\r\n      <th>Fecha inicio<\/th>\r\n      <th>Fecha fin<\/th>\r\n      <th>% de avance<\/th>\r\n    <\/tr>\r\n  <\/thead>\r\n  <tbody>\r\n    <!-- Nivel principal -->\r\n    <tr class=\"accordion-toggle\" data-target=\"grupo-1\">\r\n      <td>1<\/td>\r\n      <td>Sistema de Gesti\u00f3n Interna - LYK<\/td>\r\n      <td>88 d\u00edas<\/td>\r\n      <td>24\/07\/25<\/td>\r\n      <td>24\/11\/25<\/td>\r\n      <td>68%<\/td>\r\n    <\/tr>\r\n\r\n    <!-- Subtarea 1.1 -->\r\n    <tr class=\"subfila accordion-toggle grupo-1\" data-target=\"grupo-1-1\" style=\"display:none;\">\r\n      <td>1.1<\/td>\r\n      <td>Levantamiento de informaci\u00f3n<\/td>\r\n      <td>20 d\u00edas<\/td>\r\n      <td>24\/07\/25<\/td>\r\n      <td>20\/08\/25<\/td>\r\n      <td>100%<\/td>\r\n    <\/tr>\r\n    <tr class=\"subfila grupo-1-1\" style=\"display:none;\">\r\n      <td>1.1.1<\/td>\r\n      <td>Reuni\u00f3n de levantamiento de informaci\u00f3n<\/td>\r\n      <td>2 horas<\/td>\r\n      <td>24\/07\/25<\/td>\r\n      <td>24\/07\/25<\/td>\r\n      <td>100%<\/td>\r\n    <\/tr>\r\n    <tr class=\"subfila grupo-1-1\" style=\"display:none;\">\r\n      <td>1.1.2<\/td>\r\n      <td>Reuni\u00f3n de Kick Off<\/td>\r\n      <td>1 hora<\/td>\r\n      <td>07\/08\/25<\/td>\r\n      <td>07\/08\/25<\/td>\r\n      <td>100%<\/td>\r\n    <\/tr>\r\n    <tr class=\"subfila grupo-1-1\" style=\"display:none;\">\r\n      <td>1.1.3<\/td>\r\n      <td>Reuni\u00f3n de levantamiento de informaci\u00f3n<\/td>\r\n      <td>2 horas<\/td>\r\n      <td>09\/08\/25<\/td>\r\n      <td>09\/08\/25<\/td>\r\n      <td>100%<\/td>\r\n    <\/tr>\r\n    <tr class=\"subfila grupo-1-1\" style=\"display:none;\">\r\n      <td>1.1.4<\/td>\r\n      <td>Reuni\u00f3n de levantamiento de informaci\u00f3n<\/td>\r\n      <td>2 horas<\/td>\r\n      <td>13\/08\/25<\/td>\r\n      <td>13\/08\/25<\/td>\r\n      <td>100%<\/td>\r\n    <\/tr>\r\n    <tr class=\"subfila grupo-1-1\" style=\"display:none;\">\r\n      <td>1.1.5<\/td>\r\n      <td>Reuni\u00f3n de levantamiento de informaci\u00f3n<\/td>\r\n      <td>2 horas<\/td>\r\n      <td>19\/08\/25<\/td>\r\n      <td>19\/08\/25<\/td>\r\n      <td>100%<\/td>\r\n    <\/tr>\r\n    <tr class=\"subfila grupo-1-1\" style=\"display:none;\">\r\n      <td>1.1.6<\/td>\r\n      <td>Desarrollo plan de actividades<\/td>\r\n      <td>1 hora<\/td>\r\n      <td>19\/08\/25<\/td>\r\n      <td>19\/08\/25<\/td>\r\n      <td>100%<\/td>\r\n    <\/tr>\r\n    <tr class=\"subfila grupo-1-1\" style=\"display:none;\">\r\n      <td>1.1.7<\/td>\r\n      <td>Desarrollo Acta de Inicio<\/td>\r\n      <td>1 hora<\/td>\r\n      <td>19\/08\/25<\/td>\r\n      <td>19\/08\/25<\/td>\r\n      <td>100%<\/td>\r\n    <\/tr>\r\n    <tr class=\"subfila grupo-1-1\" style=\"display:none;\">\r\n      <td>1.1.8<\/td>\r\n      <td>Carga de requerimientos<\/td>\r\n      <td>2 d\u00edas<\/td>\r\n      <td>19\/08\/25<\/td>\r\n      <td>20\/08\/25<\/td>\r\n      <td>100%<\/td>\r\n    <\/tr>\r\n\r\n    <!-- Subtarea 1.2 -->\r\n    <tr class=\"subfila accordion-toggle grupo-1\" data-target=\"grupo-1-2\" style=\"display:none;\">\r\n      <td>1.2<\/td>\r\n      <td>Dise\u00f1o del proyecto<\/td>\r\n      <td>12 d\u00edas<\/td>\r\n      <td>07\/08\/25<\/td>\r\n      <td>22\/08\/25<\/td>\r\n      <td>100%<\/td>\r\n    <\/tr>\r\n    <tr class=\"subfila grupo-1-2\" style=\"display:none;\">\r\n      <td>1.2.1<\/td>\r\n      <td>Desarrollo de mockups<\/td>\r\n      <td>5 d\u00edas<\/td>\r\n      <td>07\/08\/25<\/td>\r\n      <td>13\/08\/25<\/td>\r\n      <td>100%<\/td>\r\n    <\/tr>\r\n    <tr class=\"subfila grupo-1-2\" style=\"display:none;\">\r\n      <td>1.2.2<\/td>\r\n      <td>Reuni\u00f3n interna<\/td>\r\n      <td>1 hora<\/td>\r\n      <td>14\/08\/25<\/td>\r\n      <td>14\/08\/25<\/td>\r\n      <td>100%<\/td>\r\n    <\/tr>\r\n    <tr class=\"subfila grupo-1-2\" style=\"display:none;\">\r\n      <td>1.2.3<\/td>\r\n      <td>Desarrollo de dise\u00f1o a alto nivel<\/td>\r\n      <td>4 d\u00edas<\/td>\r\n      <td>14\/08\/25<\/td>\r\n      <td>20\/08\/25<\/td>\r\n      <td>100%<\/td>\r\n    <\/tr>\r\n    <tr class=\"subfila grupo-1-2\" style=\"display:none;\">\r\n      <td>1.2.4<\/td>\r\n      <td>Reuni\u00f3n interna<\/td>\r\n      <td>1 hora<\/td>\r\n      <td>20\/08\/25<\/td>\r\n      <td>20\/08\/25<\/td>\r\n      <td>100%<\/td>\r\n    <\/tr>\r\n    <tr class=\"subfila grupo-1-2\" style=\"display:none;\">\r\n      <td>1.2.5<\/td>\r\n      <td>Correcci\u00f3n de dise\u00f1o<\/td>\r\n      <td>2 horas<\/td>\r\n      <td>20\/08\/25<\/td>\r\n      <td>20\/08\/25<\/td>\r\n      <td>100%<\/td>\r\n    <\/tr>\r\n    <tr class=\"subfila grupo-1-2\" style=\"display:none;\">\r\n      <td>1.2.6<\/td>\r\n      <td>An\u00e1lisis de experiencia de usuario e interfaces<\/td>\r\n      <td>2 d\u00edas<\/td>\r\n      <td>20\/08\/25<\/td>\r\n      <td>22\/08\/25<\/td>\r\n      <td>100%<\/td>\r\n    <\/tr>\r\n    <tr class=\"subfila grupo-1-2\" style=\"display:none;\">\r\n      <td>1.2.7<\/td>\r\n      <td>Correcci\u00f3n de dise\u00f1o<\/td>\r\n      <td>2 horas<\/td>\r\n      <td>22\/08\/25<\/td>\r\n      <td>22\/08\/25<\/td>\r\n      <td>100%<\/td>\r\n    <\/tr>\r\n\r\n    <!-- Subtarea 1.3 -->\r\n    <tr class=\"subfila accordion-toggle grupo-1\" data-target=\"grupo-1-3\" style=\"display:none;\">\r\n      <td>1.3<\/td>\r\n      <td>Desarrollo del proyecto<\/td>\r\n      <td>76.88 d\u00edas<\/td>\r\n      <td>07\/08\/25<\/td>\r\n      <td>21\/11\/25<\/td>\r\n      <td>66%<\/td>\r\n    <\/tr>\r\n    <tr class=\"subfila grupo-1-3\" style=\"display:none;\">\r\n      <td>1.3.1<\/td>\r\n      <td>An\u00e1lisis, planificaci\u00f3n y definici\u00f3n de m\u00f3dulos<\/td>\r\n      <td>14 d\u00edas<\/td>\r\n      <td>07\/08\/25<\/td>\r\n      <td>26\/08\/25<\/td>\r\n      <td>100%<\/td>\r\n    <\/tr>\r\n    <tr class=\"subfila grupo-1-3\" style=\"display:none;\">\r\n      <td>1.3.2<\/td>\r\n      <td>Dise\u00f1o de arquitectura y base de datos<\/td>\r\n      <td>7 d\u00edas<\/td>\r\n      <td>27\/08\/25<\/td>\r\n      <td>04\/09\/25<\/td>\r\n      <td>100%<\/td>\r\n    <\/tr>\r\n    <tr class=\"subfila grupo-1-3\" style=\"display:none;\">\r\n      <td>1.3.3<\/td>\r\n      <td>Desarrollo de backend y l\u00f3gica de negocio<\/td>\r\n      <td>30 d\u00edas<\/td>\r\n      <td>05\/09\/25<\/td>\r\n      <td>16\/10\/25<\/td>\r\n      <td>69%<\/td>\r\n    <\/tr>\r\n    <tr class=\"subfila grupo-1-3\" style=\"display:none;\">\r\n      <td>1.3.4<\/td>\r\n      <td>Desarrollo e implementaci\u00f3n de interfaz<\/td>\r\n      <td>20 d\u00edas<\/td>\r\n      <td>17\/10\/25<\/td>\r\n      <td>13\/11\/25<\/td>\r\n      <td>100%<\/td>\r\n    <\/tr>\r\n    <tr class=\"subfila grupo-1-3\" style=\"display:none;\">\r\n      <td>1.3.5<\/td>\r\n      <td>Conexi\u00f3n de la soluci\u00f3n con el backend<\/td>\r\n      <td>4 horas<\/td>\r\n      <td>14\/11\/25<\/td>\r\n      <td>14\/11\/25<\/td>\r\n      <td>100%<\/td>\r\n    <\/tr>\r\n    <tr class=\"subfila grupo-1-3\" style=\"display:none;\">\r\n      <td>1.3.6<\/td>\r\n      <td>Validaciones<\/td>\r\n      <td>1 d\u00eda<\/td>\r\n      <td>14\/11\/25<\/td>\r\n      <td>17\/11\/25<\/td>\r\n      <td>60%<\/td>\r\n    <\/tr>\r\n    <tr class=\"subfila grupo-1-3\" style=\"display:none;\">\r\n      <td>1.3.7<\/td>\r\n      <td>Correcci\u00f3n de validaciones<\/td>\r\n      <td>2 horas<\/td>\r\n      <td>17\/11\/25<\/td>\r\n      <td>17\/11\/25<\/td>\r\n      <td>0%<\/td>\r\n    <\/tr>\r\n    <tr class=\"subfila grupo-1-3\" style=\"display:none;\">\r\n      <td>1.3.8<\/td>\r\n      <td>Pruebas internas<\/td>\r\n      <td>1 hora<\/td>\r\n      <td>17\/11\/25<\/td>\r\n      <td>17\/11\/25<\/td>\r\n      <td>0%<\/td>\r\n    <\/tr>\r\n    <tr class=\"subfila grupo-1-3\" style=\"display:none;\">\r\n      <td>1.3.9<\/td>\r\n      <td>Correcci\u00f3n ciclo de pruebas 1<\/td>\r\n      <td>2 horas<\/td>\r\n      <td>17\/11\/25<\/td>\r\n      <td>18\/11\/25<\/td>\r\n      <td>0%<\/td>\r\n    <\/tr>\r\n    <tr class=\"subfila grupo-1-3\" style=\"display:none;\">\r\n      <td>1.3.10<\/td>\r\n      <td>Pruebas con el cliente<\/td>\r\n      <td>2 horas<\/td>\r\n      <td>18\/11\/25<\/td>\r\n      <td>18\/11\/25<\/td>\r\n      <td>0%<\/td>\r\n    <\/tr>\r\n    <tr class=\"subfila grupo-1-3\" style=\"display:none;\">\r\n      <td>1.3.11<\/td>\r\n      <td>Correcci\u00f3n ciclo de pruebas 2<\/td>\r\n      <td>1 hora<\/td>\r\n      <td>18\/11\/25<\/td>\r\n      <td>18\/11\/25<\/td>\r\n      <td>0%<\/td>\r\n    <\/tr>\r\n    <tr class=\"subfila grupo-1-3\" style=\"display:none;\">\r\n      <td>1.3.12<\/td>\r\n      <td>Tiempo de pruebas internas del cliente<\/td>\r\n      <td>3 d\u00edas<\/td>\r\n      <td>18\/11\/25<\/td>\r\n      <td>21\/11\/25<\/td>\r\n      <td>0%<\/td>\r\n    <\/tr>\r\n    <tr class=\"subfila grupo-1-3\" style=\"display:none;\">\r\n      <td>1.3.13<\/td>\r\n      <td>Correcci\u00f3n ciclo de pruebas 3<\/td>\r\n      <td>2 horas<\/td>\r\n      <td>21\/11\/25<\/td>\r\n      <td>21\/11\/25<\/td>\r\n      <td>0%<\/td>\r\n    <\/tr>\r\n    <tr class=\"subfila grupo-1-3\" style=\"display:none;\">\r\n      <td>1.3.14<\/td>\r\n      <td>Pase a producci\u00f3n<\/td>\r\n      <td>1 hora<\/td>\r\n      <td>21\/11\/25<\/td>\r\n      <td>21\/11\/25<\/td>\r\n      <td>0%<\/td>\r\n    <\/tr>\r\n\r\n    <!-- Subtarea 1.4 -->\r\n    <tr class=\"subfila accordion-toggle grupo-1\" data-target=\"grupo-1-4\" style=\"display:none;\">\r\n      <td>1.4<\/td>\r\n      <td>Cierre del proyecto<\/td>\r\n      <td>1.88 d\u00edas<\/td>\r\n      <td>21\/11\/25<\/td>\r\n      <td>24\/11\/25<\/td>\r\n      <td>0%<\/td>\r\n    <\/tr>\r\n    <tr class=\"subfila grupo-1-4\" style=\"display:none;\">\r\n      <td>1.4.1<\/td>\r\n      <td>Reuni\u00f3n de cierre<\/td>\r\n      <td>1 hora<\/td>\r\n      <td>21\/11\/25<\/td>\r\n      <td>21\/11\/25<\/td>\r\n      <td>0%<\/td>\r\n    <\/tr>\r\n    <tr class=\"subfila grupo-1-4\" style=\"display:none;\">\r\n      <td>1.4.2<\/td>\r\n      <td>Desarrollo de informe de proyecto<\/td>\r\n      <td>1 d\u00eda<\/td>\r\n      <td>21\/11\/25<\/td>\r\n      <td>24\/11\/25<\/td>\r\n      <td>0%<\/td>\r\n    <\/tr>\r\n    <tr class=\"subfila grupo-1-4\" style=\"display:none;\">\r\n      <td>1.4.3<\/td>\r\n      <td>Capacitaci\u00f3n nivel usuario<\/td>\r\n      <td>2 horas<\/td>\r\n      <td>24\/11\/25<\/td>\r\n      <td>24\/11\/25<\/td>\r\n      <td>0%<\/td>\r\n    <\/tr>\r\n    <tr class=\"subfila grupo-1-4\" style=\"display:none;\">\r\n      <td>1.4.4<\/td>\r\n      <td>Capacitaci\u00f3n nivel administrador<\/td>\r\n      <td>2 horas<\/td>\r\n      <td>24\/11\/25<\/td>\r\n      <td>24\/11\/25<\/td>\r\n      <td>0%<\/td>\r\n    <\/tr>\r\n    <tr class=\"subfila grupo-1-4\" style=\"display:none;\">\r\n      <td>1.4.5<\/td>\r\n      <td>Acta de cierre de proyecto<\/td>\r\n      <td>2 horas<\/td>\r\n      <td>24\/11\/25<\/td>\r\n      <td>24\/11\/25<\/td>\r\n      <td>0%<\/td>\r\n    <\/tr>\r\n  <\/tbody>\r\n<\/table>\r\n\r\n<script>\r\n  \/\/ Toggle de acorde\u00f3n\r\n  document.querySelectorAll(\".accordion-toggle\").forEach(row => {\r\n    row.addEventListener(\"click\", () => {\r\n      const target = row.dataset.target;\r\n      document.querySelectorAll(\".\" + target).forEach(sub => {\r\n        sub.style.display = (sub.style.display === \"none\" || sub.style.display === \"\") ? \"table-row\" : \"none\";\r\n      });\r\n    });\r\n  });\r\n<\/script>\r\n\r\n<\/body>\r\n<\/html>\r\n\t\t\t\t<\/div>\n\t\t\t\t\t<\/div>\n\t\t\t\t<\/div>\n\t\t\t\t<\/div>\n\t\t\t\t<\/div>\n\t\t","protected":false},"excerpt":{"rendered":"<p>CONSTRUCTORA LYK El sistema permitir\u00e1 a L &amp; K acceder de forma \u00e1gil y segura a la informaci\u00f3n de susproyectos, mejorar la trazabilidad de sus operaciones y facilitar la toma de decisionesestrat\u00e9gicas mediante una visi\u00f3n integral y en tiempo real de sus recursos, actividades yresultados. \ud83d\udcc4 Descargar Documentos Documento de Kick Off Acta de inicio Plan de trabajo Plan de actividades Tabla de Proyecto Item Nombre de la tarea Duraci\u00f3n Fecha inicio Fecha fin % de avance 1 Sistema de Gesti\u00f3n Interna &#8211; LYK 88 d\u00edas 24\/07\/25 24\/11\/25 68% 1.1 Levantamiento de informaci\u00f3n 20 d\u00edas 24\/07\/25 20\/08\/25 100% 1.1.1 Reuni\u00f3n de levantamiento de informaci\u00f3n 2 horas 24\/07\/25 24\/07\/25 100% 1.1.2 Reuni\u00f3n de Kick Off 1 hora 07\/08\/25 07\/08\/25 100% 1.1.3 Reuni\u00f3n de levantamiento de informaci\u00f3n 2 horas 09\/08\/25 09\/08\/25 100% 1.1.4 Reuni\u00f3n de levantamiento de informaci\u00f3n 2 horas 13\/08\/25 13\/08\/25 100% 1.1.5 Reuni\u00f3n de levantamiento de informaci\u00f3n 2 horas 19\/08\/25 19\/08\/25 100% 1.1.6 Desarrollo plan de actividades 1 hora 19\/08\/25 19\/08\/25 100% 1.1.7 Desarrollo Acta de Inicio 1 hora 19\/08\/25 19\/08\/25 100% 1.1.8 Carga de requerimientos 2 d\u00edas 19\/08\/25 20\/08\/25 100% 1.2 Dise\u00f1o del proyecto 12 d\u00edas 07\/08\/25 22\/08\/25 100% 1.2.1 Desarrollo de mockups 5 d\u00edas 07\/08\/25 13\/08\/25 100% 1.2.2 Reuni\u00f3n interna 1 hora 14\/08\/25 14\/08\/25 100% 1.2.3 Desarrollo de dise\u00f1o a alto nivel 4 d\u00edas 14\/08\/25 20\/08\/25 100% 1.2.4 Reuni\u00f3n interna 1 hora 20\/08\/25 20\/08\/25 100% 1.2.5 Correcci\u00f3n de dise\u00f1o 2 horas 20\/08\/25 20\/08\/25 100% 1.2.6 An\u00e1lisis de experiencia de usuario e interfaces 2 d\u00edas 20\/08\/25 22\/08\/25 100% 1.2.7 Correcci\u00f3n de dise\u00f1o 2 horas 22\/08\/25 22\/08\/25 100% 1.3 Desarrollo del proyecto 76.88 d\u00edas 07\/08\/25 21\/11\/25 66% 1.3.1 An\u00e1lisis, planificaci\u00f3n y definici\u00f3n de m\u00f3dulos 14 d\u00edas 07\/08\/25 26\/08\/25 100% 1.3.2 Dise\u00f1o de arquitectura y base de datos 7 d\u00edas 27\/08\/25 04\/09\/25 100% 1.3.3 Desarrollo de backend y l\u00f3gica de negocio 30 d\u00edas 05\/09\/25 16\/10\/25 69% 1.3.4 Desarrollo e implementaci\u00f3n de interfaz 20 d\u00edas 17\/10\/25 13\/11\/25 100% 1.3.5 Conexi\u00f3n de la soluci\u00f3n con el backend 4 horas 14\/11\/25 14\/11\/25 100% 1.3.6 Validaciones 1 d\u00eda 14\/11\/25 17\/11\/25 60% 1.3.7 Correcci\u00f3n de validaciones 2 horas 17\/11\/25 17\/11\/25 0% 1.3.8 Pruebas internas 1 hora 17\/11\/25 17\/11\/25 0% 1.3.9 Correcci\u00f3n ciclo de pruebas 1 2 horas 17\/11\/25 18\/11\/25 0% 1.3.10 Pruebas con el cliente 2 horas 18\/11\/25 18\/11\/25 0% 1.3.11 Correcci\u00f3n ciclo de pruebas 2 1 hora 18\/11\/25 18\/11\/25 0% 1.3.12 Tiempo de pruebas internas del cliente 3 d\u00edas 18\/11\/25 21\/11\/25 0% 1.3.13 Correcci\u00f3n ciclo de pruebas 3 2 horas 21\/11\/25 21\/11\/25 0% 1.3.14 Pase a producci\u00f3n 1 hora 21\/11\/25 21\/11\/25 0% 1.4 Cierre del proyecto 1.88 d\u00edas 21\/11\/25 24\/11\/25 0% 1.4.1 Reuni\u00f3n de cierre 1 hora 21\/11\/25 21\/11\/25 0% 1.4.2 Desarrollo de informe de proyecto 1 d\u00eda 21\/11\/25 24\/11\/25 0% 1.4.3 Capacitaci\u00f3n nivel usuario 2 horas 24\/11\/25 24\/11\/25 0% 1.4.4 Capacitaci\u00f3n nivel administrador 2 horas 24\/11\/25 24\/11\/25 0% 1.4.5 Acta de cierre de proyecto 2 horas 24\/11\/25 24\/11\/25 0%<\/p>\n","protected":false},"author":1,"featured_media":0,"parent":0,"menu_order":0,"comment_status":"closed","ping_status":"closed","template":"","meta":{"site-sidebar-layout":"no-sidebar","site-content-layout":"","ast-site-content-layout":"full-width-container","site-content-style":"default","site-sidebar-style":"default","ast-global-header-display":"","ast-banner-title-visibility":"","ast-main-header-display":"","ast-hfb-above-header-display":"","ast-hfb-below-header-display":"","ast-hfb-mobile-header-display":"","site-post-title":"disabled","ast-breadcrumbs-content":"","ast-featured-img":"disabled","footer-sml-layout":"","theme-transparent-header-meta":"","adv-header-id-meta":"","stick-header-meta":"","header-above-stick-meta":"","header-main-stick-meta":"","header-below-stick-meta":"","astra-migrate-meta-layouts":"default","ast-page-background-enabled":"default","ast-page-background-meta":{"desktop":{"background-color":"var(--ast-global-color-5)","background-image":"","background-repeat":"repeat","background-position":"center center","background-size":"auto","background-attachment":"scroll","background-type":"","background-media":"","overlay-type":"","overlay-color":"","overlay-opacity":"","overlay-gradient":""},"tablet":{"background-color":"","background-image":"","background-repeat":"repeat","background-position":"center center","background-size":"auto","background-attachment":"scroll","background-type":"","background-media":"","overlay-type":"","overlay-color":"","overlay-opacity":"","overlay-gradient":""},"mobile":{"background-color":"","background-image":"","background-repeat":"repeat","background-position":"center center","background-size":"auto","background-attachment":"scroll","background-type":"","background-media":"","overlay-type":"","overlay-color":"","overlay-opacity":"","overlay-gradient":""}},"ast-content-background-meta":{"desktop":{"background-color":"var(--ast-global-color-4)","background-image":"","background-repeat":"repeat","background-position":"center center","background-size":"auto","background-attachment":"scroll","background-type":"","background-media":"","overlay-type":"","overlay-color":"","overlay-opacity":"","overlay-gradient":""},"tablet":{"background-color":"var(--ast-global-color-4)","background-image":"","background-repeat":"repeat","background-position":"center center","background-size":"auto","background-attachment":"scroll","background-type":"","background-media":"","overlay-type":"","overlay-color":"","overlay-opacity":"","overlay-gradient":""},"mobile":{"background-color":"var(--ast-global-color-4)","background-image":"","background-repeat":"repeat","background-position":"center center","background-size":"auto","background-attachment":"scroll","background-type":"","background-media":"","overlay-type":"","overlay-color":"","overlay-opacity":"","overlay-gradient":""}},"footnotes":""},"class_list":["post-1221","page","type-page","status-publish","hentry"],"_links":{"self":[{"href":"https:\/\/mednologyapps.com\/index.php\/wp-json\/wp\/v2\/pages\/1221","targetHints":{"allow":["GET"]}}],"collection":[{"href":"https:\/\/mednologyapps.com\/index.php\/wp-json\/wp\/v2\/pages"}],"about":[{"href":"https:\/\/mednologyapps.com\/index.php\/wp-json\/wp\/v2\/types\/page"}],"author":[{"embeddable":true,"href":"https:\/\/mednologyapps.com\/index.php\/wp-json\/wp\/v2\/users\/1"}],"replies":[{"embeddable":true,"href":"https:\/\/mednologyapps.com\/index.php\/wp-json\/wp\/v2\/comments?post=1221"}],"version-history":[{"count":31,"href":"https:\/\/mednologyapps.com\/index.php\/wp-json\/wp\/v2\/pages\/1221\/revisions"}],"predecessor-version":[{"id":1299,"href":"https:\/\/mednologyapps.com\/index.php\/wp-json\/wp\/v2\/pages\/1221\/revisions\/1299"}],"wp:attachment":[{"href":"https:\/\/mednologyapps.com\/index.php\/wp-json\/wp\/v2\/media?parent=1221"}],"curies":[{"name":"wp","href":"https:\/\/api.w.org\/{rel}","templated":true}]}}